{"id":6469,"date":"2018-09-26T22:33:58","date_gmt":"2018-09-26T22:33:58","guid":{"rendered":"https:\/\/msecproject.eu\/?page_id=6469"},"modified":"2024-07-08T12:17:47","modified_gmt":"2024-07-08T12:17:47","slug":"deliverables","status":"publish","type":"page","link":"https:\/\/msecproject.eu\/ja\/deliverables\/","title":{"rendered":"\u00e6\u02c6\u0090\u00e6\u017e\u0153\u00e5\u00a0\u00b1\u00e5\u2018\u0160\u00e6\u203a\u00b8"},"content":{"rendered":"<div class=\"wpb-content-wrapper\"><p>[vc_row][vc_column][vc_column_text]<\/p>\n<p>Sorry, English only. Please contact NTT East BBX Marketing Department<br \/>\n(<a href=\"mailto:eujp-msec@east.ntt.co.jp\" target=\"_blank\" rel=\"noopener\">eujp-msec@east.ntt.co.jp<\/a>) if you are interested in.<\/p>\n<p>\u00e7\u201d\u00b3\u00e3\u0081\u2014\u00e8\u00a8\u00b3\u00e3\u0081\u201d\u00e3\u0081\u2013\u00e3\u0081\u201e\u00e3\u0081\u00be\u00e3\u0081\u203a\u00e3\u201a\u201c\u00e3\u0081\u0152\u00e3\u20ac\u0081\u00e6\u0153\u00ac\u00e3\u0192\u0161\u00e3\u0192\u00bc\u00e3\u201a\u00b8\u00e3\u0081\u00af\u00e8\u2039\u00b1\u00e6\u2013\u2021\u00e3\u0081\u00ae\u00e3\u0081\u00bf\u00e3\u0081\u00a7\u00e3\u0081\u2122\u00e3\u20ac\u201a\u00e3\u0081\u201d\u00e8\u02c6\u02c6\u00e5\u2018\u00b3\u00e3\u0081\u00ae\u00e3\u0081\u201a\u00e3\u201a\u2039\u00e6\u2013\u00b9<wbr \/>\u00e3\u0081\u00af\u00e6\u009d\u00b1\u00e6\u2014\u00a5\u00e6\u0153\u00ac\u00e9\u203a\u00bb\u00e4\u00bf\u00a1<br \/>\n\u00e9\u203a\u00bb\u00e8\u00a9\u00b1\u00e6\u00a0\u00aa\u00e5\u00bc\u008f\u00e4\u00bc\u0161\u00e7\u00a4\u00beBBX\u00e3\u0192\u017e\u00e3\u0192\u00bc\u00e3\u201a\u00b1\u00e3\u0192\u2020\u00e3\u201a\u00a3\u00e3\u0192\u00b3\u00e3\u201a\u00b0\u00e9\u0192\u00a8\u00ef\u00bc\u02c6<a href=\"mailto:eujp-msec@east.ntt.co.jp\" target=\"_blank\" rel=\"noopener\">eujp-msec@ea<wbr \/>st.ntt.co.jp<\/a>\u00ef\u00bc\u2030\u00e3\u0081\u00be\u00e3\u0081\u00a7\u00e3\u0081\u0160\u00e5\u2022\u008f\u00e3\u0081\u201e\u00e5\u0090\u02c6<br \/>\n\u00e3\u201a\u008f\u00e3\u0081\u203a\u00e3\u0081\u008f\u00e3\u0081\u00a0\u00e3\u0081\u2022\u00e3\u0081\u201e\u00e3\u20ac\u201a<\/p>\n<p>D1.5 Data Management Plan (Month 6)<\/p>\n<p>D2.1 M-Sec use cases description (Month 6)<\/p>\n<p>D2.2 M-Sec pilots definition, setup and citizen involvement plan (Month 8)<\/p>\n<p>D2.3 M-Sec pilots definition, setup and citizen involvement report &#8216; first version (Month 24)<\/p>\n<p>D2.4 M-Sec pilots definition, setup and citizen involvement report &#8216; second version (Month 36)<\/p>\n<p>D2.5 Integration Plan (Month 18)<\/p>\n<p>D2.6 M-Sec Integrated Prototype &#8216; first release (Month 21)<\/p>\n<p>D2.7 M-Sec Integrated Prototype &#8216; final release (Month 33)<\/p>\n<p>D2.8 M-Sec validation and overall evaluation (Month 36)<\/p>\n<p>D3.1 M-Sec Requirements Analysis &#8216; first version (Month 8)<\/p>\n<p>D3.2 M-Sec Requirements Analysis &#8216; final version (Month 24)<\/p>\n<p>D3.3 M-Sec Architecture: Functional and technical specifications &#8216; first version (Month 12)<\/p>\n<p>D3.4 M-Sec Architecture: Functional and technical specifications &#8216; final version (Month 24)<\/p>\n<p>D3.5 Risks and security elements for a hyperconnected smart city (Month 24)<\/p>\n<p>D4.1 M-Sec IoT security layer &#8216; first version (Month 18)<\/p>\n<p>D4.2 M-Sec IoT security layer &#8216; final version (Month 30)<\/p>\n<p>D4.3 M-Sec cloud and data level security &#8216; first version (Month 18)<\/p>\n<p>D4.4 M-Sec cloud and data level security &#8216; final version (Month 30)<\/p>\n<p>D4.5 P2P level security and M-Sec blockchains &#8216; first version (Month 18)<\/p>\n<p>D4.6 P2P level security and M-Sec blockchains &#8216; final version (Month 30)<\/p>\n<p>D4.7 M-Sec application level security &#8216; first version (Month 18)<\/p>\n<p>D4.8 M-Sec application level security &#8216; final version (Month 30)<\/p>\n<p>D4.9 M-Sec overall end-to-end security &#8216; first version (Month 18)<\/p>\n<p>D4.10 M-Sec overall end-to-end security &#8216; final version (Month 30)<\/p>\n<p>D5.1 Project\u00e2\u20ac\u2122s Web Site (Month 2)<\/p>\n<p>D5.2 Initial Dissemination Plan (Month 6)<\/p>\n<p>D5.3 Dissemination Activities Report &#8216; first year report (Month 12)<\/p>\n<p>D5.4 Dissemination Activities Report &#8216; second year report (Month 24)<\/p>\n<p>D5.5 Dissemination Activities Report &#8216; third year report (Month 36)<\/p>\n<p>D5.6 Market Analysis and Exploitation &#8216; first year report (Month 12)<\/p>\n<p>D5.7 Market Analysis and Exploitation &#8216; second year report (Month 24)<\/p>\n<p>D5.8 Market Analysis and Exploitation &#8216; third year report (Month 36)<\/p>\n<p>D5.9 Community Building Plan (Month 12)<\/p>\n<p>D5.10 M-Sec Online Contest event (Month 32)<\/p>\n<p>D5.11 M-Sec GDPR compliance assessment report (Month 24)[\/vc_column_text][\/vc_column][\/vc_row]<\/p>\n<\/div>","protected":false},"excerpt":{"rendered":"<p>[vc_row][vc_column][vc_column_text] Sorry, English only. Please contact NTT East BBX Marketing Department (euj [&hellip;]<\/p>\n","protected":false},"author":1,"featured_media":6973,"parent":0,"menu_order":0,"comment_status":"closed","ping_status":"closed","template":"","meta":{"footnotes":""},"class_list":["post-6469","page","type-page","status-publish","has-post-thumbnail","hentry"],"translation":{"provider":"WPGlobus","version":"3.0.2","language":"ja","enabled_languages":["gb","ja"],"languages":{"gb":{"title":true,"content":true,"excerpt":false},"ja":{"title":true,"content":true,"excerpt":false}}},"_links":{"self":[{"href":"https:\/\/msecproject.eu\/ja\/wp-json\/wp\/v2\/pages\/6469","targetHints":{"allow":["GET"]}}],"collection":[{"href":"https:\/\/msecproject.eu\/ja\/wp-json\/wp\/v2\/pages"}],"about":[{"href":"https:\/\/msecproject.eu\/ja\/wp-json\/wp\/v2\/types\/page"}],"author":[{"embeddable":true,"href":"https:\/\/msecproject.eu\/ja\/wp-json\/wp\/v2\/users\/1"}],"replies":[{"embeddable":true,"href":"https:\/\/msecproject.eu\/ja\/wp-json\/wp\/v2\/comments?post=6469"}],"version-history":[{"count":4,"href":"https:\/\/msecproject.eu\/ja\/wp-json\/wp\/v2\/pages\/6469\/revisions"}],"predecessor-version":[{"id":9677,"href":"https:\/\/msecproject.eu\/ja\/wp-json\/wp\/v2\/pages\/6469\/revisions\/9677"}],"wp:featuredmedia":[{"embeddable":true,"href":"https:\/\/msecproject.eu\/ja\/wp-json\/wp\/v2\/media\/6973"}],"wp:attachment":[{"href":"https:\/\/msecproject.eu\/ja\/wp-json\/wp\/v2\/media?parent=6469"}],"curies":[{"name":"wp","href":"https:\/\/api.w.org\/{rel}","templated":true}]}}